{"id":406,"date":"2019-03-08T12:10:58","date_gmt":"2019-03-08T12:10:58","guid":{"rendered":"http:\/\/evergreen.sitepeek.co.uk\/indoor-applications\/indoor-communication\/"},"modified":"2024-07-23T07:13:12","modified_gmt":"2024-07-23T06:13:12","slug":"indoor-communication","status":"publish","type":"page","link":"https:\/\/www.evergreen-fabrics.com\/fr\/indoor-communication\/","title":{"rendered":"Communication int\u00e9rieure"},"content":{"rendered":"\t\t<div data-elementor-type=\"wp-post\" data-elementor-id=\"406\" class=\"elementor elementor-406 elementor-10\" data-elementor-settings=\"[]\">\n\t\t\t\t\t\t<div class=\"elementor-inner\">\n\t\t\t\t\t\t\t<div class=\"elementor-section-wrap\">\n\t\t\t\t\t\t\t<section class=\"elementor-section elementor-top-section elementor-element elementor-element-38831c1 elementor-section-height-min-height elementor-section-items-bottom elementor-section-boxed elementor-section-height-default\" data-id=\"38831c1\" data-element_type=\"section\" data-settings=\"{&quot;background_background&quot;:&quot;classic&quot;}\">\n\t\t\t\t\t\t<div class=\"elementor-container elementor-column-gap-default\">\n\t\t\t\t\t\t\t<div class=\"elementor-row\">\n\t\t\t\t\t<div class=\"elementor-column elementor-col-50 elementor-top-column elementor-element elementor-element-ed79302\" data-id=\"ed79302\" data-element_type=\"column\" data-settings=\"{&quot;background_background&quot;:&quot;classic&quot;}\">\n\t\t\t<div class=\"elementor-column-wrap elementor-element-populated\">\n\t\t\t\t\t\t\t<div class=\"elementor-widget-wrap\">\n\t\t\t\t\t\t\t\t<\/div>\n\t\t\t\t\t<\/div>\n\t\t<\/div>\n\t\t\t\t<div class=\"elementor-column elementor-col-50 elementor-top-column elementor-element elementor-element-0ed46e0 elementor-hidden-phone\" data-id=\"0ed46e0\" data-element_type=\"column\">\n\t\t\t<div class=\"elementor-column-wrap\">\n\t\t\t\t\t\t\t<div class=\"elementor-widget-wrap\">\n\t\t\t\t\t\t\t\t<\/div>\n\t\t\t\t\t<\/div>\n\t\t<\/div>\n\t\t\t\t\t\t\t\t<\/div>\n\t\t\t\t\t<\/div>\n\t\t<\/section>\n\t\t\t\t<section class=\"elementor-section elementor-top-section elementor-element elementor-element-037642a elementor-section-boxed elementor-section-height-default elementor-section-height-default\" data-id=\"037642a\" data-element_type=\"section\" data-settings=\"{&quot;background_background&quot;:&quot;classic&quot;}\">\n\t\t\t\t\t\t<div class=\"elementor-container elementor-column-gap-default\">\n\t\t\t\t\t\t\t<div class=\"elementor-row\">\n\t\t\t\t\t<div class=\"elementor-column elementor-col-100 elementor-top-column elementor-element elementor-element-3b799ac\" data-id=\"3b799ac\" data-element_type=\"column\">\n\t\t\t<div class=\"elementor-column-wrap elementor-element-populated\">\n\t\t\t\t\t\t\t<div class=\"elementor-widget-wrap\">\n\t\t\t\t\t\t<div class=\"elementor-element elementor-element-ee335da elementor-widget elementor-widget-global elementor-global-700 elementor-widget-ee-breadcrumbs\" data-id=\"ee335da\" data-element_type=\"widget\" data-widget_type=\"ee-breadcrumbs.default\">\n\t\t\t\t<div class=\"elementor-widget-container\">\n\t\t\t<ul class=\"ee-breadcrumbs\" itemscope=\"\" itemtype=\"http:\/\/schema.org\/BreadcrumbList\"><\/ul>\t\t<\/div>\n\t\t\t\t<\/div>\n\t\t\t\t\t\t<\/div>\n\t\t\t\t\t<\/div>\n\t\t<\/div>\n\t\t\t\t\t\t\t\t<\/div>\n\t\t\t\t\t<\/div>\n\t\t<\/section>\n\t\t\t\t<section class=\"elementor-section elementor-top-section elementor-element elementor-element-1fc87fd elementor-section-content-middle elementor-section-boxed elementor-section-height-default elementor-section-height-default\" data-id=\"1fc87fd\" data-element_type=\"section\" data-settings=\"{&quot;background_background&quot;:&quot;classic&quot;}\">\n\t\t\t\t\t\t<div class=\"elementor-container elementor-column-gap-no\">\n\t\t\t\t\t\t\t<div class=\"elementor-row\">\n\t\t\t\t\t<div class=\"elementor-column elementor-col-100 elementor-top-column elementor-element elementor-element-8bcb8d1\" data-id=\"8bcb8d1\" data-element_type=\"column\">\n\t\t\t<div class=\"elementor-column-wrap elementor-element-populated\">\n\t\t\t\t\t\t\t<div class=\"elementor-widget-wrap\">\n\t\t\t\t\t\t<div class=\"elementor-element elementor-element-0af7994 elementor-widget elementor-widget-heading\" data-id=\"0af7994\" data-element_type=\"widget\" data-widget_type=\"heading.default\">\n\t\t\t\t<div class=\"elementor-widget-container\">\n\t\t\t<h2 class=\"elementor-heading-title elementor-size-default\">EverGreen Fabrics, c\u2019est une collection compl\u00e8te de textiles \u00e9cologiques imprimables pour la publicit\u00e9, la communication et la signal\u00e9tique int\u00e9rieure.\n\n<\/h2>\t\t<\/div>\n\t\t\t\t<\/div>\n\t\t\t\t<div class=\"elementor-element elementor-element-8af7a59 elementor-widget elementor-widget-text-editor\" data-id=\"8af7a59\" data-element_type=\"widget\" data-widget_type=\"text-editor.default\">\n\t\t\t\t<div class=\"elementor-widget-container\">\n\t\t\t\t\t<div class=\"elementor-text-editor elementor-clearfix\"><p><span style=\"color: var( --e-global-color-text ); font-family: var( --e-global-typography-text-font-family ); font-weight: var( --e-global-typography-text-font-weight );\">Toutes ces toiles r\u00e9pondent aux normes les plus strictes de s\u00e9curit\u00e9 avec de tr\u00e8s hauts niveaux d\u2019ignifugation, elles sont donc parfaitement adapt\u00e9es \u00e0 toutes les utilisations au sein des ERP (Etablissement Recevant du Public) comme les centres commerciaux, les magasins, les mus\u00e9es, les salons, les salles de sport, les stades ou les \u00e9tablissements de sant\u00e9.<\/span><br><\/p>\n<p><\/p>\n<p>Les textiles EverGreen procurent des rendus couleurs vifs sans g\u00e9n\u00e9rer aucun reflet quel que soit les jeux de lumi\u00e8res.<\/p>\n<p>Toile pleine, toile opaques ou toile micro-perfor\u00e9e, la collection de textiles EverGreen couvre l\u2019ensemble des domaines d\u2019application de la publicit\u00e9 et de la communication int\u00e9rieure&nbsp;: kak\u00e9monos, roll-up, fonds de vitrines, displays, habillage de stand, support d\u2019exposition ou d\u2019information.<\/p>\n<p><\/p>\n<p>La plupart des r\u00e9f\u00e9rences des textiles EverGreen sont certifi\u00e9es sans curling c\u2019est-\u00e0-dire que ces articles restent droits et plans sans aucune courbure disgracieuse.<\/p>\n<p>Les produits EverGreen sont souples et l\u00e9gers, ils sont faciles \u00e0 manipuler, \u00e0 transporter et \u00e0 installer.<\/p>\n<p><\/p>\n<p>Trois r\u00e9f\u00e9rences d\u00e9di\u00e9es \u00e0 la publicit\u00e9, la communication et la signal\u00e9tique int\u00e9rieure&nbsp;:<\/p><\/div>\n\t\t\t\t<\/div>\n\t\t\t\t<\/div>\n\t\t\t\t<section class=\"elementor-section elementor-inner-section elementor-element elementor-element-882c37e elementor-section-content-middle elementor-reverse-mobile elementor-section-boxed elementor-section-height-default elementor-section-height-default\" data-id=\"882c37e\" data-element_type=\"section\">\n\t\t\t\t\t\t<div class=\"elementor-container elementor-column-gap-no\">\n\t\t\t\t\t\t\t<div class=\"elementor-row\">\n\t\t\t\t\t<div class=\"elementor-column elementor-col-50 elementor-inner-column elementor-element elementor-element-f655801\" data-id=\"f655801\" data-element_type=\"column\">\n\t\t\t<div class=\"elementor-column-wrap elementor-element-populated\">\n\t\t\t\t\t\t\t<div class=\"elementor-widget-wrap\">\n\t\t\t\t\t\t<div class=\"elementor-element elementor-element-39735c8 elementor-widget elementor-widget-heading\" data-id=\"39735c8\" data-element_type=\"widget\" data-widget_type=\"heading.default\">\n\t\t\t\t<div class=\"elementor-widget-container\">\n\t\t\t<h2 class=\"elementor-heading-title elementor-size-default\">JET UP <\/h2>\t\t<\/div>\n\t\t\t\t<\/div>\n\t\t\t\t<div class=\"elementor-element elementor-element-5028eb3 elementor-widget elementor-widget-text-editor\" data-id=\"5028eb3\" data-element_type=\"widget\" data-widget_type=\"text-editor.default\">\n\t\t\t\t<div class=\"elementor-widget-container\">\n\t\t\t\t\t<div class=\"elementor-text-editor elementor-clearfix\"><p>Textile l\u00e9ger, certifi\u00e9 sans curling.<br><\/p><\/div>\n\t\t\t\t<\/div>\n\t\t\t\t<\/div>\n\t\t\t\t<div class=\"elementor-element elementor-element-4481185 elementor-widget elementor-widget-button\" data-id=\"4481185\" data-element_type=\"widget\" data-widget_type=\"button.default\">\n\t\t\t\t<div class=\"elementor-widget-container\">\n\t\t\t\t\t<div class=\"elementor-button-wrapper\">\n\t\t\t<a href=\"https:\/\/www.evergreen-fabrics.com\/fr\/indoor-communication\/jet-up\/\" class=\"elementor-button-link elementor-button elementor-size-sm\" role=\"button\">\n\t\t\t\t\t\t<span class=\"elementor-button-content-wrapper\">\n\t\t\t\t\t\t<span class=\"elementor-button-icon elementor-align-icon-right\">\n\t\t\t\t<i aria-hidden=\"true\" class=\"fas fa-chevron-right\"><\/i>\t\t\t<\/span>\n\t\t\t\t\t\t<span class=\"elementor-button-text\">Plus d'info<\/span>\n\t\t<\/span>\n\t\t\t\t\t<\/a>\n\t\t<\/div>\n\t\t\t\t<\/div>\n\t\t\t\t<\/div>\n\t\t\t\t<div class=\"elementor-element elementor-element-bf4f195 elementor-widget elementor-widget-text-editor\" data-id=\"bf4f195\" data-element_type=\"widget\" data-widget_type=\"text-editor.default\">\n\t\t\t\t<div class=\"elementor-widget-container\">\n\t\t\t\t\t<div class=\"elementor-text-editor elementor-clearfix\"><\/div>\n\t\t\t\t<\/div>\n\t\t\t\t<\/div>\n\t\t\t\t\t\t<\/div>\n\t\t\t\t\t<\/div>\n\t\t<\/div>\n\t\t\t\t<div class=\"elementor-column elementor-col-50 elementor-inner-column elementor-element elementor-element-0cb5d5e\" data-id=\"0cb5d5e\" data-element_type=\"column\">\n\t\t\t<div class=\"elementor-column-wrap elementor-element-populated\">\n\t\t\t\t\t\t\t<div class=\"elementor-widget-wrap\">\n\t\t\t\t\t\t<div class=\"elementor-element elementor-element-0bfeb77 elementor-widget elementor-widget-image\" data-id=\"0bfeb77\" data-element_type=\"widget\" data-widget_type=\"image.default\">\n\t\t\t\t<div class=\"elementor-widget-container\">\n\t\t\t\t\t<div class=\"elementor-image\">\n\t\t\t\t\t\t\t\t\t\t<img loading=\"lazy\" decoding=\"async\" width=\"1024\" height=\"683\" src=\"https:\/\/www.evergreen-fabrics.com\/wp-content\/uploads\/2021\/03\/JET-UP-BC-Roll-Up-1024x683.jpg\" class=\"attachment-large size-large\" alt=\"\" srcset=\"https:\/\/www.evergreen-fabrics.com\/wp-content\/uploads\/2021\/03\/JET-UP-BC-Roll-Up-1024x683.jpg 1024w, https:\/\/www.evergreen-fabrics.com\/wp-content\/uploads\/2021\/03\/JET-UP-BC-Roll-Up-300x200.jpg 300w, https:\/\/www.evergreen-fabrics.com\/wp-content\/uploads\/2021\/03\/JET-UP-BC-Roll-Up-768x512.jpg 768w, https:\/\/www.evergreen-fabrics.com\/wp-content\/uploads\/2021\/03\/JET-UP-BC-Roll-Up.jpg 1500w\" sizes=\"auto, (max-width: 1024px) 100vw, 1024px\" \/>\t\t\t\t\t\t\t\t\t\t\t<\/div>\n\t\t\t\t<\/div>\n\t\t\t\t<\/div>\n\t\t\t\t\t\t<\/div>\n\t\t\t\t\t<\/div>\n\t\t<\/div>\n\t\t\t\t\t\t\t\t<\/div>\n\t\t\t\t\t<\/div>\n\t\t<\/section>\n\t\t\t\t<section class=\"elementor-section elementor-inner-section elementor-element elementor-element-540cb2a elementor-section-content-middle elementor-section-boxed elementor-section-height-default elementor-section-height-default\" data-id=\"540cb2a\" data-element_type=\"section\">\n\t\t\t\t\t\t<div class=\"elementor-container elementor-column-gap-no\">\n\t\t\t\t\t\t\t<div class=\"elementor-row\">\n\t\t\t\t\t<div class=\"elementor-column elementor-col-50 elementor-inner-column elementor-element elementor-element-eedd036\" data-id=\"eedd036\" data-element_type=\"column\">\n\t\t\t<div class=\"elementor-column-wrap elementor-element-populated\">\n\t\t\t\t\t\t\t<div class=\"elementor-widget-wrap\">\n\t\t\t\t\t\t<div class=\"elementor-element elementor-element-56db93d elementor-widget elementor-widget-image\" data-id=\"56db93d\" data-element_type=\"widget\" data-widget_type=\"image.default\">\n\t\t\t\t<div class=\"elementor-widget-container\">\n\t\t\t\t\t<div class=\"elementor-image\">\n\t\t\t\t\t\t\t\t\t\t<img loading=\"lazy\" decoding=\"async\" width=\"1000\" height=\"666\" src=\"https:\/\/www.evergreen-fabrics.com\/wp-content\/uploads\/2019\/02\/HANGING_BANNER-JET-UP-BC.jpg\" class=\"attachment-large size-large\" alt=\"\" srcset=\"https:\/\/www.evergreen-fabrics.com\/wp-content\/uploads\/2019\/02\/HANGING_BANNER-JET-UP-BC.jpg 1000w, https:\/\/www.evergreen-fabrics.com\/wp-content\/uploads\/2019\/02\/HANGING_BANNER-JET-UP-BC-300x200.jpg 300w, https:\/\/www.evergreen-fabrics.com\/wp-content\/uploads\/2019\/02\/HANGING_BANNER-JET-UP-BC-768x511.jpg 768w\" sizes=\"auto, (max-width: 1000px) 100vw, 1000px\" \/>\t\t\t\t\t\t\t\t\t\t\t<\/div>\n\t\t\t\t<\/div>\n\t\t\t\t<\/div>\n\t\t\t\t\t\t<\/div>\n\t\t\t\t\t<\/div>\n\t\t<\/div>\n\t\t\t\t<div class=\"elementor-column elementor-col-50 elementor-inner-column elementor-element elementor-element-4b2c83e\" data-id=\"4b2c83e\" data-element_type=\"column\">\n\t\t\t<div class=\"elementor-column-wrap elementor-element-populated\">\n\t\t\t\t\t\t\t<div class=\"elementor-widget-wrap\">\n\t\t\t\t\t\t<div class=\"elementor-element elementor-element-aa304b6 elementor-widget elementor-widget-heading\" data-id=\"aa304b6\" data-element_type=\"widget\" data-widget_type=\"heading.default\">\n\t\t\t\t<div class=\"elementor-widget-container\">\n\t\t\t<h2 class=\"elementor-heading-title elementor-size-default\">JET UP BC<\/h2>\t\t<\/div>\n\t\t\t\t<\/div>\n\t\t\t\t<div class=\"elementor-element elementor-element-990560f elementor-widget elementor-widget-text-editor\" data-id=\"990560f\" data-element_type=\"widget\" data-widget_type=\"text-editor.default\">\n\t\t\t\t<div class=\"elementor-widget-container\">\n\t\t\t\t\t<div class=\"elementor-text-editor elementor-clearfix\"><p>Textile l\u00e9ger opaque, certifi\u00e9\u00a0<span style=\"color: var( --e-global-color-text ); font-family: var( --e-global-typography-text-font-family ); font-weight: var( --e-global-typography-text-font-weight );\">sans curling.<\/span><\/p><\/div>\n\t\t\t\t<\/div>\n\t\t\t\t<\/div>\n\t\t\t\t<div class=\"elementor-element elementor-element-16cb581 elementor-widget elementor-widget-button\" data-id=\"16cb581\" data-element_type=\"widget\" data-widget_type=\"button.default\">\n\t\t\t\t<div class=\"elementor-widget-container\">\n\t\t\t\t\t<div class=\"elementor-button-wrapper\">\n\t\t\t<a href=\"https:\/\/www.evergreen-fabrics.com\/fr\/indoor-communication\/jet-up-bc\/\" class=\"elementor-button-link elementor-button elementor-size-sm\" role=\"button\">\n\t\t\t\t\t\t<span class=\"elementor-button-content-wrapper\">\n\t\t\t\t\t\t<span class=\"elementor-button-icon elementor-align-icon-right\">\n\t\t\t\t<i aria-hidden=\"true\" class=\"fas fa-chevron-right\"><\/i>\t\t\t<\/span>\n\t\t\t\t\t\t<span class=\"elementor-button-text\">Plus d'info<\/span>\n\t\t<\/span>\n\t\t\t\t\t<\/a>\n\t\t<\/div>\n\t\t\t\t<\/div>\n\t\t\t\t<\/div>\n\t\t\t\t<div class=\"elementor-element elementor-element-f1abe9c elementor-widget elementor-widget-text-editor\" data-id=\"f1abe9c\" data-element_type=\"widget\" data-widget_type=\"text-editor.default\">\n\t\t\t\t<div class=\"elementor-widget-container\">\n\t\t\t\t\t<div class=\"elementor-text-editor elementor-clearfix\"><\/div>\n\t\t\t\t<\/div>\n\t\t\t\t<\/div>\n\t\t\t\t\t\t<\/div>\n\t\t\t\t\t<\/div>\n\t\t<\/div>\n\t\t\t\t\t\t\t\t<\/div>\n\t\t\t\t\t<\/div>\n\t\t<\/section>\n\t\t\t\t<section class=\"elementor-section elementor-inner-section elementor-element elementor-element-0f752bd elementor-section-content-middle elementor-reverse-mobile elementor-section-boxed elementor-section-height-default elementor-section-height-default\" data-id=\"0f752bd\" data-element_type=\"section\">\n\t\t\t\t\t\t<div class=\"elementor-container elementor-column-gap-no\">\n\t\t\t\t\t\t\t<div class=\"elementor-row\">\n\t\t\t\t\t<div class=\"elementor-column elementor-col-50 elementor-inner-column elementor-element elementor-element-b7dc409\" data-id=\"b7dc409\" data-element_type=\"column\">\n\t\t\t<div class=\"elementor-column-wrap elementor-element-populated\">\n\t\t\t\t\t\t\t<div class=\"elementor-widget-wrap\">\n\t\t\t\t\t\t<div class=\"elementor-element elementor-element-71dbe59 elementor-widget elementor-widget-heading\" data-id=\"71dbe59\" data-element_type=\"widget\" data-widget_type=\"heading.default\">\n\t\t\t\t<div class=\"elementor-widget-container\">\n\t\t\t<h2 class=\"elementor-heading-title elementor-size-default\">ECOMESH<\/h2>\t\t<\/div>\n\t\t\t\t<\/div>\n\t\t\t\t<div class=\"elementor-element elementor-element-dc11923 elementor-widget elementor-widget-text-editor\" data-id=\"dc11923\" data-element_type=\"widget\" data-widget_type=\"text-editor.default\">\n\t\t\t\t<div class=\"elementor-widget-container\">\n\t\t\t\t\t<div class=\"elementor-text-editor elementor-clearfix\"><p>Grille \u00e9cologique pour\u00a0<span style=\"color: var( --e-global-color-text ); font-family: var( --e-global-typography-text-font-family ); font-weight: var( --e-global-typography-text-font-weight );\">utilisations int\u00e9rieures et\u00a0<\/span><span style=\"color: var( --e-global-color-text ); font-family: var( --e-global-typography-text-font-family ); font-weight: var( --e-global-typography-text-font-weight );\">ext\u00e9rieures de courte dur\u00e9e.<\/span><\/p><\/div>\n\t\t\t\t<\/div>\n\t\t\t\t<\/div>\n\t\t\t\t<div class=\"elementor-element elementor-element-ee23488 elementor-widget elementor-widget-button\" data-id=\"ee23488\" data-element_type=\"widget\" data-widget_type=\"button.default\">\n\t\t\t\t<div class=\"elementor-widget-container\">\n\t\t\t\t\t<div class=\"elementor-button-wrapper\">\n\t\t\t<a href=\"https:\/\/www.evergreen-fabrics.com\/fr\/indoor-communication\/ecomesh\" class=\"elementor-button-link elementor-button elementor-size-sm\" role=\"button\">\n\t\t\t\t\t\t<span class=\"elementor-button-content-wrapper\">\n\t\t\t\t\t\t<span class=\"elementor-button-icon elementor-align-icon-right\">\n\t\t\t\t<i aria-hidden=\"true\" class=\"fas fa-chevron-right\"><\/i>\t\t\t<\/span>\n\t\t\t\t\t\t<span class=\"elementor-button-text\">Plus d'info<\/span>\n\t\t<\/span>\n\t\t\t\t\t<\/a>\n\t\t<\/div>\n\t\t\t\t<\/div>\n\t\t\t\t<\/div>\n\t\t\t\t<div class=\"elementor-element elementor-element-bc03731 elementor-widget elementor-widget-text-editor\" data-id=\"bc03731\" data-element_type=\"widget\" data-widget_type=\"text-editor.default\">\n\t\t\t\t<div class=\"elementor-widget-container\">\n\t\t\t\t\t<div class=\"elementor-text-editor elementor-clearfix\"><\/div>\n\t\t\t\t<\/div>\n\t\t\t\t<\/div>\n\t\t\t\t\t\t<\/div>\n\t\t\t\t\t<\/div>\n\t\t<\/div>\n\t\t\t\t<div class=\"elementor-column elementor-col-50 elementor-inner-column elementor-element elementor-element-19800c9\" data-id=\"19800c9\" data-element_type=\"column\">\n\t\t\t<div class=\"elementor-column-wrap elementor-element-populated\">\n\t\t\t\t\t\t\t<div class=\"elementor-widget-wrap\">\n\t\t\t\t\t\t<div class=\"elementor-element elementor-element-0f64d15 elementor-widget elementor-widget-image\" data-id=\"0f64d15\" data-element_type=\"widget\" data-widget_type=\"image.default\">\n\t\t\t\t<div class=\"elementor-widget-container\">\n\t\t\t\t\t<div class=\"elementor-image\">\n\t\t\t\t\t\t\t\t\t\t<img loading=\"lazy\" decoding=\"async\" width=\"1024\" height=\"683\" src=\"https:\/\/www.evergreen-fabrics.com\/wp-content\/uploads\/2021\/03\/fond-vitrine-1024x683.jpg\" class=\"attachment-large size-large\" alt=\"\" srcset=\"https:\/\/www.evergreen-fabrics.com\/wp-content\/uploads\/2021\/03\/fond-vitrine-1024x683.jpg 1024w, https:\/\/www.evergreen-fabrics.com\/wp-content\/uploads\/2021\/03\/fond-vitrine-300x200.jpg 300w, https:\/\/www.evergreen-fabrics.com\/wp-content\/uploads\/2021\/03\/fond-vitrine-768x512.jpg 768w, https:\/\/www.evergreen-fabrics.com\/wp-content\/uploads\/2021\/03\/fond-vitrine.jpg 1500w\" sizes=\"auto, (max-width: 1024px) 100vw, 1024px\" \/>\t\t\t\t\t\t\t\t\t\t\t<\/div>\n\t\t\t\t<\/div>\n\t\t\t\t<\/div>\n\t\t\t\t\t\t<\/div>\n\t\t\t\t\t<\/div>\n\t\t<\/div>\n\t\t\t\t\t\t\t\t<\/div>\n\t\t\t\t\t<\/div>\n\t\t<\/section>\n\t\t\t\t\t\t<\/div>\n\t\t\t\t\t<\/div>\n\t\t<\/div>\n\t\t\t\t\t\t\t\t<\/div>\n\t\t\t\t\t<\/div>\n\t\t<\/section>\n\t\t\t\t\t\t<\/div>\n\t\t\t\t\t\t<\/div>\n\t\t\t\t\t<\/div>\n\t\t","protected":false},"excerpt":{"rendered":"<p>EverGreen Fabrics, c\u2019est une collection compl\u00e8te de textiles \u00e9cologiques imprimables pour la publicit\u00e9, la communication et la signal\u00e9tique int\u00e9rieure. Toutes ces toiles r\u00e9pondent aux normes les plus strictes de s\u00e9curit\u00e9 avec de tr\u00e8s hauts niveaux d\u2019ignifugation, elles sont donc parfaitement adapt\u00e9es \u00e0 toutes les utilisations au sein des ERP (Etablissement Recevant du Public) comme les &#8230; <a title=\"Communication int\u00e9rieure\" class=\"read-more\" href=\"https:\/\/www.evergreen-fabrics.com\/fr\/indoor-communication\/\" aria-label=\"More on Communication int\u00e9rieure\">Lire plus<\/a><\/p>\n","protected":false},"author":1,"featured_media":0,"parent":0,"menu_order":0,"comment_status":"closed","ping_status":"closed","template":"elementor_header_footer","meta":{"footnotes":""},"class_list":["post-406","page","type-page","status-publish"],"yoast_head":"<!-- This site is optimized with the Yoast SEO plugin v14.9 - https:\/\/yoast.com\/wordpress\/plugins\/seo\/ -->\n<title>Communication int\u00e9rieure - Evergreen Fabrics<\/title>\n<meta name=\"robots\" content=\"index, follow, max-snippet:-1, max-image-preview:large, max-video-preview:-1\" \/>\n<link rel=\"canonical\" href=\"https:\/\/www.evergreen-fabrics.com\/indoor-advertising\/\" \/>\n<meta property=\"og:locale\" content=\"fr_FR\" \/>\n<meta property=\"og:type\" content=\"article\" \/>\n<meta property=\"og:title\" content=\"Communication int\u00e9rieure - Evergreen Fabrics\" \/>\n<meta property=\"og:description\" content=\"EverGreen Fabrics, c\u2019est une collection compl\u00e8te de textiles \u00e9cologiques imprimables pour la publicit\u00e9, la communication et la signal\u00e9tique int\u00e9rieure. Toutes ces toiles r\u00e9pondent aux normes les plus strictes de s\u00e9curit\u00e9 avec de tr\u00e8s hauts niveaux d\u2019ignifugation, elles sont donc parfaitement adapt\u00e9es \u00e0 toutes les utilisations au sein des ERP (Etablissement Recevant du Public) comme les ... Lire plus\" \/>\n<meta property=\"og:url\" content=\"https:\/\/www.evergreen-fabrics.com\/indoor-advertising\/\" \/>\n<meta property=\"og:site_name\" content=\"Evergreen Fabrics\" \/>\n<meta property=\"article:modified_time\" content=\"2024-07-23T06:13:12+00:00\" \/>\n<meta property=\"og:image\" content=\"https:\/\/www.evergreen-fabrics.com\/wp-content\/uploads\/2021\/03\/JET-UP-BC-Roll-Up-1024x683.jpg\" \/>\n<meta name=\"twitter:card\" content=\"summary_large_image\" \/>\n<script type=\"application\/ld+json\" class=\"yoast-schema-graph\">{\"@context\":\"https:\/\/schema.org\",\"@graph\":[{\"@type\":\"WebSite\",\"@id\":\"https:\/\/www.evergreen-fabrics.com\/fr\/#website\",\"url\":\"https:\/\/www.evergreen-fabrics.com\/fr\/\",\"name\":\"Evergreen Fabrics\",\"description\":\"Eco-friendly fabrics for advertising and decoration\",\"potentialAction\":[{\"@type\":\"SearchAction\",\"target\":\"https:\/\/www.evergreen-fabrics.com\/fr\/?s={search_term_string}\",\"query-input\":\"required name=search_term_string\"}],\"inLanguage\":\"fr-FR\"},{\"@type\":\"ImageObject\",\"@id\":\"https:\/\/www.evergreen-fabrics.com\/indoor-advertising\/#primaryimage\",\"inLanguage\":\"fr-FR\",\"url\":\"https:\/\/www.evergreen-fabrics.com\/wp-content\/uploads\/2021\/03\/JET-UP-BC-Roll-Up.jpg\",\"width\":1500,\"height\":1000},{\"@type\":\"WebPage\",\"@id\":\"https:\/\/www.evergreen-fabrics.com\/indoor-advertising\/#webpage\",\"url\":\"https:\/\/www.evergreen-fabrics.com\/indoor-advertising\/\",\"name\":\"Communication int\\u00e9rieure - Evergreen Fabrics\",\"isPartOf\":{\"@id\":\"https:\/\/www.evergreen-fabrics.com\/fr\/#website\"},\"primaryImageOfPage\":{\"@id\":\"https:\/\/www.evergreen-fabrics.com\/indoor-advertising\/#primaryimage\"},\"datePublished\":\"2019-03-08T12:10:58+00:00\",\"dateModified\":\"2024-07-23T06:13:12+00:00\",\"inLanguage\":\"fr-FR\",\"potentialAction\":[{\"@type\":\"ReadAction\",\"target\":[\"https:\/\/www.evergreen-fabrics.com\/indoor-advertising\/\"]}]}]}<\/script>\n<!-- \/ Yoast SEO plugin. -->","_links":{"self":[{"href":"https:\/\/www.evergreen-fabrics.com\/fr\/wp-json\/wp\/v2\/pages\/406","targetHints":{"allow":["GET"]}}],"collection":[{"href":"https:\/\/www.evergreen-fabrics.com\/fr\/wp-json\/wp\/v2\/pages"}],"about":[{"href":"https:\/\/www.evergreen-fabrics.com\/fr\/wp-json\/wp\/v2\/types\/page"}],"author":[{"embeddable":true,"href":"https:\/\/www.evergreen-fabrics.com\/fr\/wp-json\/wp\/v2\/users\/1"}],"replies":[{"embeddable":true,"href":"https:\/\/www.evergreen-fabrics.com\/fr\/wp-json\/wp\/v2\/comments?post=406"}],"version-history":[{"count":22,"href":"https:\/\/www.evergreen-fabrics.com\/fr\/wp-json\/wp\/v2\/pages\/406\/revisions"}],"predecessor-version":[{"id":3286,"href":"https:\/\/www.evergreen-fabrics.com\/fr\/wp-json\/wp\/v2\/pages\/406\/revisions\/3286"}],"wp:attachment":[{"href":"https:\/\/www.evergreen-fabrics.com\/fr\/wp-json\/wp\/v2\/media?parent=406"}],"curies":[{"name":"wp","href":"https:\/\/api.w.org\/{rel}","templated":true}]}}